{"id":1796,"date":"2026-04-21T21:35:20","date_gmt":"2026-04-21T21:35:20","guid":{"rendered":"https:\/\/simex.facmed.unam.mx\/?page_id=1796"},"modified":"2026-04-23T21:47:44","modified_gmt":"2026-04-23T21:47:44","slug":"simex-2026","status":"publish","type":"page","link":"https:\/\/simex.facmed.unam.mx\/","title":{"rendered":"SIMex 2026"},"content":{"rendered":"<p>[et_pb_section fb_built=\u00bb1&#8243; _builder_version=\u00bb4.27.6&#8243; _module_preset=\u00bbdefault\u00bb background_color=\u00bbRGBA(255,255,255,0)\u00bb background_image=\u00bbhttps:\/\/simex.facmed.unam.mx\/wp-content\/uploads\/2026\/04\/SIMex-2026-Back_01-scaled.jpg\u00bb parallax=\u00bbon\u00bb transform_translate=\u00bb0px|5px\u00bb transform_translate_linked=\u00bboff\u00bb custom_padding=\u00bb30px||100px|||\u00bb animation_style=\u00bbfade\u00bb global_colors_info=\u00bb{}\u00bb][et_pb_row _builder_version=\u00bb4.16&#8243; _module_preset=\u00bbdefault\u00bb custom_margin=\u00bb70px|auto|50px|auto||\u00bb custom_padding=\u00bb7px||0px|||\u00bb global_colors_info=\u00bb{}\u00bb][et_pb_column type=\u00bb4_4&#8243; _builder_version=\u00bb4.16&#8243; _module_preset=\u00bbdefault\u00bb global_colors_info=\u00bb{}\u00bb][et_pb_image src=\u00bbhttps:\/\/simex.facmed.unam.mx\/wp-content\/uploads\/2026\/04\/SIMex-2026-Logo_01-scaled.png\u00bb title_text=\u00bbSIMex 2026 &#8211; Logo_01&#8243; _builder_version=\u00bb4.27.6&#8243; _module_preset=\u00bbdefault\u00bb custom_margin=\u00bb||-2px|||\u00bb animation_style=\u00bbbounce\u00bb animation_direction=\u00bbbottom\u00bb animation_duration=\u00bb1600ms\u00bb global_colors_info=\u00bb{}\u00bb][\/et_pb_image][\/et_pb_column][\/et_pb_row][\/et_pb_section][et_pb_section fb_built=\u00bb1&#8243; _builder_version=\u00bb4.27.6&#8243; _module_preset=\u00bbdefault\u00bb background_color=\u00bb#050539&#8243; custom_padding=\u00bb55px||70px|||\u00bb global_colors_info=\u00bb{}\u00bb][et_pb_row _builder_version=\u00bb4.17.6&#8243; _module_preset=\u00bbdefault\u00bb global_colors_info=\u00bb{}\u00bb][et_pb_column type=\u00bb4_4&#8243; _builder_version=\u00bb4.17.6&#8243; _module_preset=\u00bbdefault\u00bb global_colors_info=\u00bb{}\u00bb][et_pb_text _builder_version=\u00bb4.27.6&#8243; _module_preset=\u00bbdefault\u00bb text_font=\u00bb|300|||||||\u00bb text_text_color=\u00bb#eab94e\u00bb text_font_size=\u00bb17px\u00bb text_letter_spacing=\u00bb5px\u00bb header_text_color=\u00bb#a51f94&#8243; custom_margin=\u00bb||50px|||\u00bb animation_style=\u00bbbounce\u00bb animation_direction=\u00bbleft\u00bb global_colors_info=\u00bb{}\u00bb]<\/p>\n<p style=\"text-align: left;\">SIMex 2026<\/p>\n<p>[\/et_pb_text][et_pb_text _builder_version=\u00bb4.27.6&#8243; _module_preset=\u00bbdefault\u00bb background_layout=\u00bbdark\u00bb custom_margin=\u00bb||-6px|||\u00bb animation_style=\u00bbfade\u00bb global_colors_info=\u00bb{}\u00bb]<\/p>\n<p style=\"text-align: justify;\"><span style=\"font-size: medium;\"><span style=\"font-size: small;\">Este evento celebra la nueva era de la simulaci\u00f3n cl\u00ednica como eje transformador de la formaci\u00f3n en salud, donde la integraci\u00f3n de tecnolog\u00edas emergentes redefine las experiencias de aprendizaje, la diversidad ampl\u00eda la comprensi\u00f3n de los contextos y el humanismo se mantiene como fundamento de toda pr\u00e1ctica profesional. Re\u00fane a una comunidad comprometida con una educaci\u00f3n innovadora, interdisciplinaria e inclusiva, capaz de responder a los retos actuales con rigor cient\u00edfico y sensibilidad social. Un espacio dise\u00f1ado para impulsar el cambio, donde la evoluci\u00f3n tecnol\u00f3gica y la atenci\u00f3n centrada en la persona convergen para construir una formaci\u00f3n en salud m\u00e1s pertinente, equitativa y con visi\u00f3n del presente y el futuro.<\/span><\/span><\/p>\n<p style=\"text-align: justify;\"><span style=\"font-size: medium;\"><span style=\"font-size: small;\">\u00a1Te esperamos en el <strong>CEC UNAM!<\/strong><\/span><\/span><\/p>\n<p>[\/et_pb_text][\/et_pb_column][\/et_pb_row][et_pb_row column_structure=\u00bb1_4,1_4,1_4,1_4&#8243; _builder_version=\u00bb4.27.6&#8243; _module_preset=\u00bbdefault\u00bb global_colors_info=\u00bb{}\u00bb][et_pb_column type=\u00bb1_4&#8243; _builder_version=\u00bb4.27.6&#8243; _module_preset=\u00bbdefault\u00bb global_colors_info=\u00bb{}\u00bb][\/et_pb_column][et_pb_column type=\u00bb1_4&#8243; _builder_version=\u00bb4.27.6&#8243; _module_preset=\u00bbdefault\u00bb global_colors_info=\u00bb{}\u00bb][et_pb_image src=\u00bbhttps:\/\/simex.facmed.unam.mx\/wp-content\/uploads\/2026\/04\/SIMex-2026-Logo_02.png\u00bb title_text=\u00bbSIMex 2026 &#8211; Logo_02&#8243; _builder_version=\u00bb4.27.6&#8243; _module_preset=\u00bbdefault\u00bb animation_style=\u00bbbounce\u00bb global_colors_info=\u00bb{}\u00bb][\/et_pb_image][et_pb_button button_url=\u00bbhttps:\/\/www.cec.unam.mx\/index.action\u00bb url_new_window=\u00bbon\u00bb button_text=\u00bbCONOCE EL CEC UNAM\u00bb button_alignment=\u00bbcenter\u00bb _builder_version=\u00bb4.27.6&#8243; _module_preset=\u00bbdefault\u00bb custom_button=\u00bbon\u00bb button_text_size=\u00bb13px\u00bb button_text_color=\u00bb#FFFFFF\u00bb button_bg_color=\u00bb#384bfc\u00bb button_border_width=\u00bb1px\u00bb button_border_color=\u00bb#384bfc\u00bb button_border_radius=\u00bb2px\u00bb button_font=\u00bb|600|||||||\u00bb background_layout=\u00bbdark\u00bb animation_style=\u00bbbounce\u00bb animation_direction=\u00bbleft\u00bb global_colors_info=\u00bb{}\u00bb][\/et_pb_button][\/et_pb_column][et_pb_column type=\u00bb1_4&#8243; _builder_version=\u00bb4.27.6&#8243; _module_preset=\u00bbdefault\u00bb global_colors_info=\u00bb{}\u00bb][et_pb_image src=\u00bbhttps:\/\/simex.facmed.unam.mx\/wp-content\/uploads\/2026\/04\/SIMex-2026-Logo_03-1.png\u00bb title_text=\u00bbSIMex 2026 &#8211; Logo_03&#8243; _builder_version=\u00bb4.27.6&#8243; _module_preset=\u00bbdefault\u00bb animation_style=\u00bbbounce\u00bb global_colors_info=\u00bb{}\u00bb][\/et_pb_image][et_pb_button button_url=\u00bbhttps:\/\/maps.app.goo.gl\/bT5BERrqWEb86zwm6&#8243; url_new_window=\u00bbon\u00bb button_text=\u00bbVER EN EL MAPA\u00bb button_alignment=\u00bbcenter\u00bb _builder_version=\u00bb4.27.6&#8243; _module_preset=\u00bbdefault\u00bb custom_button=\u00bbon\u00bb button_text_size=\u00bb13px\u00bb button_text_color=\u00bb#FFFFFF\u00bb button_bg_color=\u00bb#384bfc\u00bb button_border_width=\u00bb1px\u00bb button_border_color=\u00bb#384bfc\u00bb button_border_radius=\u00bb2px\u00bb button_font=\u00bb|600|||||||\u00bb background_layout=\u00bbdark\u00bb animation_style=\u00bbbounce\u00bb animation_direction=\u00bbright\u00bb global_colors_info=\u00bb{}\u00bb][\/et_pb_button][\/et_pb_column][et_pb_column type=\u00bb1_4&#8243; _builder_version=\u00bb4.27.6&#8243; _module_preset=\u00bbdefault\u00bb global_colors_info=\u00bb{}\u00bb][\/et_pb_column][\/et_pb_row][et_pb_row _builder_version=\u00bb4.27.6&#8243; _module_preset=\u00bbdefault\u00bb global_colors_info=\u00bb{}\u00bb][et_pb_column type=\u00bb4_4&#8243; _builder_version=\u00bb4.27.6&#8243; _module_preset=\u00bbdefault\u00bb global_colors_info=\u00bb{}\u00bb][et_pb_text _builder_version=\u00bb4.27.6&#8243; _module_preset=\u00bbdefault\u00bb text_font=\u00bb|300|||||||\u00bb text_text_color=\u00bb#eab94e\u00bb text_font_size=\u00bb17px\u00bb text_letter_spacing=\u00bb5px\u00bb header_text_color=\u00bb#a51f94&#8243; custom_margin=\u00bb1px||1px|||\u00bb animation_style=\u00bbbounce\u00bb animation_direction=\u00bbleft\u00bb global_colors_info=\u00bb{}\u00bb]<\/p>\n<p style=\"text-align: left;\">\u00a110 A\u00d1OS COMPARTIENDO EXPERIENCIAS!<\/p>\n<p>[\/et_pb_text][\/et_pb_column][\/et_pb_row][\/et_pb_section][et_pb_section fb_built=\u00bb1&#8243; _builder_version=\u00bb4.27.6&#8243; _module_preset=\u00bbdefault\u00bb background_color=\u00bbRGBA(255,255,255,0)\u00bb background_image=\u00bbhttps:\/\/simex.facmed.unam.mx\/wp-content\/uploads\/2026\/04\/SIMex-2026-Back_01-scaled.jpg\u00bb parallax=\u00bbon\u00bb custom_padding=\u00bb70px||90px|||\u00bb global_colors_info=\u00bb{}\u00bb][et_pb_row _builder_version=\u00bb4.20.2&#8243; _module_preset=\u00bbdefault\u00bb custom_margin=\u00bb30px|auto||auto||\u00bb custom_padding=\u00bb1px|||||\u00bb global_colors_info=\u00bb{}\u00bb][et_pb_column type=\u00bb4_4&#8243; _builder_version=\u00bb4.20.2&#8243; _module_preset=\u00bbdefault\u00bb global_colors_info=\u00bb{}\u00bb][et_pb_text _builder_version=\u00bb4.27.6&#8243; _module_preset=\u00bbdefault\u00bb text_font=\u00bb|300|||||||\u00bb text_text_color=\u00bb#FFFFFF\u00bb text_font_size=\u00bb17px\u00bb text_letter_spacing=\u00bb5px\u00bb header_text_color=\u00bb#a51f94&#8243; background_layout=\u00bbdark\u00bb custom_margin=\u00bb||30px|||\u00bb animation_style=\u00bbbounce\u00bb animation_direction=\u00bbleft\u00bb global_colors_info=\u00bb{}\u00bb]<\/p>\n<p style=\"text-align: left;\">ACTIVIDADES ACAD\u00c9MICAS<\/p>\n<p>[\/et_pb_text][\/et_pb_column][\/et_pb_row][et_pb_row column_structure=\u00bb1_5,1_5,1_5,1_5,1_5&#8243; _builder_version=\u00bb4.20.2&#8243; _module_preset=\u00bbdefault\u00bb global_colors_info=\u00bb{}\u00bb][et_pb_column type=\u00bb1_5&#8243; _builder_version=\u00bb4.20.2&#8243; _module_preset=\u00bbdefault\u00bb global_colors_info=\u00bb{}\u00bb][\/et_pb_column][et_pb_column type=\u00bb1_5&#8243; _builder_version=\u00bb4.20.2&#8243; _module_preset=\u00bbdefault\u00bb global_colors_info=\u00bb{}\u00bb][et_pb_blurb title=\u00bbTALLERES\u00bb image=\u00bbhttps:\/\/simex.facmed.unam.mx\/wp-content\/uploads\/2025\/09\/SIMex-2024-Btn_05-3.png\u00bb _builder_version=\u00bb4.27.6&#8243; _module_preset=\u00bbdefault\u00bb header_font=\u00bb||||||||\u00bb header_text_color=\u00bb#384bfc\u00bb header_font_size=\u00bb17px\u00bb header_letter_spacing=\u00bb1px\u00bb body_font=\u00bb|600|||||||\u00bb body_text_color=\u00bb#384bfc\u00bb body_font_size=\u00bb11px\u00bb body_line_height=\u00bb1.3em\u00bb text_orientation=\u00bbcenter\u00bb background_layout=\u00bbdark\u00bb filter_saturate=\u00bb145%\u00bb animation_style=\u00bbbounce\u00bb animation_direction=\u00bbbottom\u00bb global_colors_info=\u00bb{}\u00bb]<\/p>\n<p>CONVOCATORIA PR\u00d3XIMAMENTE<\/p>\n<p>[\/et_pb_blurb][\/et_pb_column][et_pb_column type=\u00bb1_5&#8243; _builder_version=\u00bb4.20.2&#8243; _module_preset=\u00bbdefault\u00bb global_colors_info=\u00bb{}\u00bb][et_pb_blurb title=\u00bbTRABAJOS LIBRES\u00bb image=\u00bbhttps:\/\/simex.facmed.unam.mx\/wp-content\/uploads\/2026\/04\/SIMex-2026-Btn_02.png\u00bb _builder_version=\u00bb4.27.6&#8243; _module_preset=\u00bbdefault\u00bb header_font=\u00bb||||||||\u00bb header_text_color=\u00bb#eab94e\u00bb header_font_size=\u00bb17px\u00bb header_letter_spacing=\u00bb1px\u00bb body_font=\u00bb|600|||||||\u00bb body_text_color=\u00bb#eab94e\u00bb body_font_size=\u00bb11px\u00bb body_line_height=\u00bb1.3em\u00bb text_orientation=\u00bbcenter\u00bb background_layout=\u00bbdark\u00bb animation_style=\u00bbbounce\u00bb animation_direction=\u00bbbottom\u00bb global_colors_info=\u00bb{}\u00bb]<\/p>\n<p>CONVOCATORIA PR\u00d3XIMAMENTE<\/p>\n<p>[\/et_pb_blurb][\/et_pb_column][et_pb_column type=\u00bb1_5&#8243; _builder_version=\u00bb4.20.2&#8243; _module_preset=\u00bbdefault\u00bb global_colors_info=\u00bb{}\u00bb][et_pb_blurb title=\u00bbSIMexPERIENCIAS\u00bb image=\u00bbhttps:\/\/simex.facmed.unam.mx\/wp-content\/uploads\/2026\/04\/SIMex-2026-Btn_03.png\u00bb _builder_version=\u00bb4.27.6&#8243; _module_preset=\u00bbdefault\u00bb header_font=\u00bb||||||||\u00bb header_text_color=\u00bb#384bfc\u00bb header_font_size=\u00bb17px\u00bb header_letter_spacing=\u00bb1px\u00bb body_font=\u00bb|600|||||||\u00bb body_text_color=\u00bb#384bfc\u00bb body_font_size=\u00bb11px\u00bb body_line_height=\u00bb1.3em\u00bb text_orientation=\u00bbcenter\u00bb background_layout=\u00bbdark\u00bb filter_saturate=\u00bb145%\u00bb animation_style=\u00bbbounce\u00bb animation_direction=\u00bbbottom\u00bb global_colors_info=\u00bb{}\u00bb]<\/p>\n<p>CONVOCATORIA PR\u00d3XIMAMENTE<\/p>\n<p>[\/et_pb_blurb][\/et_pb_column][et_pb_column type=\u00bb1_5&#8243; _builder_version=\u00bb4.20.2&#8243; _module_preset=\u00bbdefault\u00bb global_colors_info=\u00bb{}\u00bb][et_pb_blurb title=\u00bbCONVERSATORIOS\u00bb image=\u00bbhttps:\/\/simex.facmed.unam.mx\/wp-content\/uploads\/2026\/04\/SIMex-2026-Btn_04.png\u00bb _builder_version=\u00bb4.27.6&#8243; _module_preset=\u00bbdefault\u00bb header_font=\u00bb||||||||\u00bb header_text_color=\u00bb#384bfc\u00bb header_font_size=\u00bb17px\u00bb header_letter_spacing=\u00bb1px\u00bb body_font=\u00bb|600|||||||\u00bb body_text_color=\u00bb#384bfc\u00bb body_font_size=\u00bb11px\u00bb body_line_height=\u00bb1.3em\u00bb text_orientation=\u00bbcenter\u00bb background_layout=\u00bbdark\u00bb filter_saturate=\u00bb145%\u00bb animation_style=\u00bbbounce\u00bb animation_direction=\u00bbbottom\u00bb global_colors_info=\u00bb{}\u00bb]<\/p>\n<p>CONVOCATORIA PR\u00d3XIMAMENTE<\/p>\n<p>[\/et_pb_blurb][\/et_pb_column][\/et_pb_row][\/et_pb_section][et_pb_section fb_built=\u00bb1&#8243; _builder_version=\u00bb4.27.6&#8243; _module_preset=\u00bbdefault\u00bb background_color=\u00bb#050539&#8243; custom_padding=\u00bb70px||100px|||\u00bb global_colors_info=\u00bb{}\u00bb][et_pb_row _builder_version=\u00bb4.18.0&#8243; _module_preset=\u00bbdefault\u00bb custom_padding=\u00bb||3px|||\u00bb global_colors_info=\u00bb{}\u00bb][et_pb_column type=\u00bb4_4&#8243; _builder_version=\u00bb4.18.0&#8243; _module_preset=\u00bbdefault\u00bb global_colors_info=\u00bb{}\u00bb][et_pb_text _builder_version=\u00bb4.27.6&#8243; _module_preset=\u00bbdefault\u00bb text_font=\u00bb|300|||||||\u00bb text_text_color=\u00bb#eab94e\u00bb text_font_size=\u00bb17px\u00bb text_letter_spacing=\u00bb5px\u00bb header_text_color=\u00bb#a51f94&#8243; custom_margin=\u00bb2px||50px|||\u00bb animation_style=\u00bbbounce\u00bb animation_direction=\u00bbleft\u00bb global_colors_info=\u00bb{}\u00bb]<\/p>\n<p style=\"text-align: left;\">CUOTAS DE RECUPERACI\u00d3N<\/p>\n<p>[\/et_pb_text][\/et_pb_column][\/et_pb_row][et_pb_row column_structure=\u00bb1_3,1_3,1_3&#8243; _builder_version=\u00bb4.17.6&#8243; _module_preset=\u00bbdefault\u00bb custom_padding=\u00bb5px||5px|||\u00bb global_colors_info=\u00bb{}\u00bb][et_pb_column type=\u00bb1_3&#8243; _builder_version=\u00bb4.17.6&#8243; _module_preset=\u00bbdefault\u00bb global_colors_info=\u00bb{}\u00bb][et_pb_text _builder_version=\u00bb4.27.6&#8243; _module_preset=\u00bbdefault\u00bb text_font_size=\u00bb13px\u00bb background_layout=\u00bbdark\u00bb animation_style=\u00bbbounce\u00bb animation_direction=\u00bbbottom\u00bb hover_enabled=\u00bb0&#8243; global_colors_info=\u00bb{}\u00bb sticky_enabled=\u00bb0&#8243;]<\/p>\n<h1>$2,000 m.n.*<\/h1>\n<p><strong>Vigente hasta el 30 de septiembre, 2026<\/strong><\/p>\n<h1><span style=\"color: #3366ff;\">$2,500 m.n.*<\/span><\/h1>\n<p><span style=\"color: #3366ff;\"><strong>Vigente a partir del 1 de octubre, 2026<\/strong><\/span><\/p>\n<p><span style=\"font-size: large; color: #eab94e;\">Comunidad FACMED &#8211; UNAM<\/span><\/p>\n<p><b>1<\/b><span>\u00a0<\/span><strong>Acceso general a SIM<\/strong>ex 2026 | 3 d\u00edas de evento<\/p>\n<div class=\"ptib-item\"><b>1 Taller con expertos por d\u00eda<\/b><\/div>\n<div class=\"ptib-item\"><b>1<\/b><span>\u00a0<\/span><strong>Constancia digital<\/strong> por asistencia al evento y <strong>1 por cada taller cursado<\/strong><\/div>\n<div class=\"ptib-item\"><strong><span style=\"font-size: x-small; color: #384bfc;\">* Es necesario subir comprobante de tu credencial vigente con resello o tal\u00f3n de pago.<\/span><\/strong><\/div>\n<p>[\/et_pb_text][\/et_pb_column][et_pb_column type=\u00bb1_3&#8243; _builder_version=\u00bb4.17.6&#8243; _module_preset=\u00bbdefault\u00bb global_colors_info=\u00bb{}\u00bb][et_pb_text _builder_version=\u00bb4.27.6&#8243; _module_preset=\u00bbdefault\u00bb text_font_size=\u00bb13px\u00bb background_layout=\u00bbdark\u00bb animation_style=\u00bbbounce\u00bb animation_direction=\u00bbbottom\u00bb hover_enabled=\u00bb0&#8243; global_colors_info=\u00bb{}\u00bb sticky_enabled=\u00bb0&#8243;]<\/p>\n<h1>$2,500 m.n.<\/h1>\n<p><strong>Vigente hasta el 30 de septiembre, 2026<\/strong><\/p>\n<p><strong><\/strong><\/p>\n<h1><span style=\"color: #3366ff;\">$3,000 m.n.<\/span><\/h1>\n<p><span style=\"color: #3366ff;\"><strong>Vigente a partir del 1 de octubre, 2026<\/strong><\/span><span style=\"font-size: large;\"><strong><\/strong><\/span><\/p>\n<p><span style=\"font-size: large; color: #eab94e;\">Externos FACMED &#8211; UNAM<\/span><\/p>\n<p><b>1<\/b><span>\u00a0<\/span><strong>Acceso general a SIM<\/strong>ex 2026 | 3 d\u00edas de evento<\/p>\n<div class=\"ptib-item\"><b>1 Taller con expertos por d\u00eda<\/b><\/div>\n<div class=\"ptib-item\"><b>1<\/b><span>\u00a0<\/span><strong>Constancia digital<\/strong> por asistencia al evento y <strong>1 por cada taller cursado<\/strong><\/div>\n<p>[\/et_pb_text][\/et_pb_column][et_pb_column type=\u00bb1_3&#8243; _builder_version=\u00bb4.17.6&#8243; _module_preset=\u00bbdefault\u00bb global_colors_info=\u00bb{}\u00bb][et_pb_text _builder_version=\u00bb4.27.6&#8243; _module_preset=\u00bbdefault\u00bb text_font_size=\u00bb13px\u00bb background_layout=\u00bbdark\u00bb animation_style=\u00bbbounce\u00bb animation_direction=\u00bbbottom\u00bb global_colors_info=\u00bb{}\u00bb]<\/p>\n<h1>$0,000 m.n.*<\/h1>\n<p><span style=\"font-size: large;\"><strong><\/strong><\/span><\/p>\n<p><span style=\"font-size: large; color: #eab94e;\">Alumnos FACMED &#8211; UNAM<\/span><\/p>\n<p><b>1<\/b><span>\u00a0<\/span><strong>Acceso general a SIM<\/strong>ex 2026 | 3 d\u00edas de evento<\/p>\n<div class=\"ptib-item\"><b>1<\/b><span>\u00a0<\/span><strong>Constancia digital<\/strong> por asistencia al evento<\/div>\n<div class=\"ptib-item\"><strong><span style=\"font-size: x-small; color: #384bfc;\">* Es necesario subir comprobante de tu credencial vigente con resello o comprobante de inscripci\u00f3n.<\/span><\/strong><\/div>\n<p>[\/et_pb_text][\/et_pb_column][\/et_pb_row][\/et_pb_section]<\/p>\n","protected":false},"excerpt":{"rendered":"<p>SIMex 2026Este evento celebra la nueva era de la simulaci\u00f3n cl\u00ednica como eje transformador de la formaci\u00f3n en salud, donde la integraci\u00f3n de tecnolog\u00edas emergentes redefine las experiencias de aprendizaje, la diversidad ampl\u00eda la comprensi\u00f3n de los contextos y el humanismo se mantiene como fundamento de toda pr\u00e1ctica profesional. Re\u00fane a una comunidad comprometida con [&hellip;]<\/p>\n","protected":false},"author":2,"featured_media":0,"parent":0,"menu_order":0,"comment_status":"closed","ping_status":"closed","template":"","meta":{"_et_pb_use_builder":"on","_et_pb_old_content":"","_et_gb_content_width":"","footnotes":""},"class_list":["post-1796","page","type-page","status-publish","hentry"],"jetpack_sharing_enabled":true,"_links":{"self":[{"href":"https:\/\/simex.facmed.unam.mx\/index.php\/wp-json\/wp\/v2\/pages\/1796","targetHints":{"allow":["GET"]}}],"collection":[{"href":"https:\/\/simex.facmed.unam.mx\/index.php\/wp-json\/wp\/v2\/pages"}],"about":[{"href":"https:\/\/simex.facmed.unam.mx\/index.php\/wp-json\/wp\/v2\/types\/page"}],"author":[{"embeddable":true,"href":"https:\/\/simex.facmed.unam.mx\/index.php\/wp-json\/wp\/v2\/users\/2"}],"replies":[{"embeddable":true,"href":"https:\/\/simex.facmed.unam.mx\/index.php\/wp-json\/wp\/v2\/comments?post=1796"}],"version-history":[{"count":27,"href":"https:\/\/simex.facmed.unam.mx\/index.php\/wp-json\/wp\/v2\/pages\/1796\/revisions"}],"predecessor-version":[{"id":1878,"href":"https:\/\/simex.facmed.unam.mx\/index.php\/wp-json\/wp\/v2\/pages\/1796\/revisions\/1878"}],"wp:attachment":[{"href":"https:\/\/simex.facmed.unam.mx\/index.php\/wp-json\/wp\/v2\/media?parent=1796"}],"curies":[{"name":"wp","href":"https:\/\/api.w.org\/{rel}","templated":true}]}}