{"id":10,"date":"2022-03-07T18:02:46","date_gmt":"2022-03-07T18:02:46","guid":{"rendered":"https:\/\/simex.facmed.unam.mx\/?page_id=10"},"modified":"2025-11-27T10:24:44","modified_gmt":"2025-11-27T10:24:44","slug":"inicio","status":"publish","type":"page","link":"https:\/\/simex.facmed.unam.mx\/","title":{"rendered":"INICIO"},"content":{"rendered":"<p>[et_pb_section fb_built=\u00bb1&#8243; _builder_version=\u00bb4.27.4&#8243; _module_preset=\u00bbdefault\u00bb background_color=\u00bbRGBA(255,255,255,0)\u00bb background_image=\u00bbhttps:\/\/simex.facmed.unam.mx\/wp-content\/uploads\/2025\/11\/SIMex-2025-Back_01-1-scaled.jpg\u00bb parallax=\u00bbon\u00bb custom_padding=\u00bb30px||150px|||\u00bb animation_style=\u00bbfade\u00bb hover_enabled=\u00bb0&#8243; global_colors_info=\u00bb{}\u00bb sticky_enabled=\u00bb0&#8243; transform_translate_linked=\u00bboff\u00bb transform_translate=\u00bb0px|5px\u00bb][et_pb_row column_structure=\u00bb1_5,3_5,1_5&#8243; _builder_version=\u00bb4.16&#8243; _module_preset=\u00bbdefault\u00bb custom_padding=\u00bb7px||0px|||\u00bb global_colors_info=\u00bb{}\u00bb][et_pb_column type=\u00bb1_5&#8243; _builder_version=\u00bb4.16&#8243; _module_preset=\u00bbdefault\u00bb global_colors_info=\u00bb{}\u00bb][\/et_pb_column][et_pb_column type=\u00bb3_5&#8243; _builder_version=\u00bb4.16&#8243; _module_preset=\u00bbdefault\u00bb global_colors_info=\u00bb{}\u00bb][et_pb_image src=\u00bbhttps:\/\/simex.facmed.unam.mx\/wp-content\/uploads\/2025\/11\/SIMex-2024-Web_01.png\u00bb title_text=\u00bbSIMex 2024 &#8211; Web_01&#8243; _builder_version=\u00bb4.27.4&#8243; _module_preset=\u00bbdefault\u00bb custom_margin=\u00bb1px||-4px|||\u00bb custom_padding=\u00bb0px|||||\u00bb animation_style=\u00bbbounce\u00bb animation_direction=\u00bbbottom\u00bb animation_duration=\u00bb1250ms\u00bb animation_delay=\u00bb50ms\u00bb global_colors_info=\u00bb{}\u00bb][\/et_pb_image][\/et_pb_column][et_pb_column type=\u00bb1_5&#8243; _builder_version=\u00bb4.16&#8243; _module_preset=\u00bbdefault\u00bb global_colors_info=\u00bb{}\u00bb][\/et_pb_column][\/et_pb_row][\/et_pb_section][et_pb_section fb_built=\u00bb1&#8243; _builder_version=\u00bb4.27.4&#8243; _module_preset=\u00bbdefault\u00bb background_color=\u00bb#050539&#8243; custom_padding=\u00bb55px||50px|||\u00bb global_colors_info=\u00bb{}\u00bb][et_pb_row _builder_version=\u00bb4.17.6&#8243; _module_preset=\u00bbdefault\u00bb global_colors_info=\u00bb{}\u00bb][et_pb_column type=\u00bb4_4&#8243; _builder_version=\u00bb4.17.6&#8243; _module_preset=\u00bbdefault\u00bb global_colors_info=\u00bb{}\u00bb][et_pb_text _builder_version=\u00bb4.27.4&#8243; _module_preset=\u00bbdefault\u00bb text_font=\u00bb|300|||||||\u00bb text_text_color=\u00bb#FFFFFF\u00bb text_font_size=\u00bb17px\u00bb text_letter_spacing=\u00bb5px\u00bb header_text_color=\u00bb#a51f94&#8243; custom_margin=\u00bb||50px|||\u00bb animation_style=\u00bbbounce\u00bb animation_direction=\u00bbleft\u00bb global_colors_info=\u00bb{}\u00bb]<\/p>\n<p style=\"text-align: left;\">SIMex 2025<\/p>\n<p>[\/et_pb_text][et_pb_text _builder_version=\u00bb4.27.4&#8243; _module_preset=\u00bbdefault\u00bb background_layout=\u00bbdark\u00bb animation_style=\u00bbfade\u00bb hover_enabled=\u00bb0&#8243; global_colors_info=\u00bb{}\u00bb sticky_enabled=\u00bb0&#8243;]<\/p>\n<p style=\"text-align: justify;\"><span style=\"font-size: medium;\"><span style=\"font-size: small;\">La <em>simulaci\u00f3n cl\u00ednica<\/em> contribuye cada vez m\u00e1s a la transformaci\u00f3n del proceso educativo; favoreciendo el aprendizaje significado de los estudiantes a trav\u00e9s de la experiencia, guiando una reflexi\u00f3n cr\u00edtica y permitiendo que el estudiante genere nuevas formas de percibir su mundo y transformando su perspectiva. Por ello, es importante que formemos parte de esta transformaci\u00f3n.<\/span><\/span><\/p>\n<p style=\"text-align: justify;\"><span style=\"font-size: medium;\"><span style=\"font-size: small;\">\u00a1Te esperamos en el <strong>Palacio de Miner\u00eda!<\/strong><\/span><\/span><\/p>\n<p>[\/et_pb_text][et_pb_button button_url=\u00bbhttps:\/\/www.palaciomineria.unam.mx\/\u00bb url_new_window=\u00bbon\u00bb button_text=\u00bbCONOCE EL PALACIO DE MINER\u00cdA\u00bb button_alignment=\u00bbleft\u00bb _builder_version=\u00bb4.27.4&#8243; _module_preset=\u00bbdefault\u00bb custom_button=\u00bbon\u00bb button_text_size=\u00bb13px\u00bb button_text_color=\u00bb#FFFFFF\u00bb button_bg_color=\u00bb#384bfc\u00bb button_border_width=\u00bb1px\u00bb button_border_color=\u00bb#384bfc\u00bb button_border_radius=\u00bb2px\u00bb button_font=\u00bb|600|||||||\u00bb background_layout=\u00bbdark\u00bb animation_style=\u00bbbounce\u00bb animation_direction=\u00bbleft\u00bb global_colors_info=\u00bb{}\u00bb][\/et_pb_button][et_pb_button button_url=\u00bbhttps:\/\/maps.app.goo.gl\/9gEXmbbD3AzmCs3JA\u00bb url_new_window=\u00bbon\u00bb button_text=\u00bbVER EN EL MAPA\u00bb button_alignment=\u00bbleft\u00bb _builder_version=\u00bb4.27.4&#8243; _module_preset=\u00bbdefault\u00bb custom_button=\u00bbon\u00bb button_text_size=\u00bb13px\u00bb button_text_color=\u00bb#FFFFFF\u00bb button_bg_color=\u00bb#384bfc\u00bb button_border_width=\u00bb1px\u00bb button_border_color=\u00bb#384bfc\u00bb button_border_radius=\u00bb2px\u00bb button_font=\u00bb|600|||||||\u00bb background_layout=\u00bbdark\u00bb animation_style=\u00bbbounce\u00bb animation_direction=\u00bbright\u00bb global_colors_info=\u00bb{}\u00bb][\/et_pb_button][et_pb_text _builder_version=\u00bb4.27.4&#8243; _module_preset=\u00bbdefault\u00bb text_font=\u00bb|300|||||||\u00bb text_text_color=\u00bb#FFFFFF\u00bb text_font_size=\u00bb17px\u00bb text_letter_spacing=\u00bb5px\u00bb header_text_color=\u00bb#a51f94&#8243; custom_margin=\u00bb50px||1px|||\u00bb animation_style=\u00bbbounce\u00bb animation_direction=\u00bbleft\u00bb global_colors_info=\u00bb{}\u00bb]<\/p>\n<p style=\"text-align: left;\">\u00a1COMPARTE EXPERIENCIAS!<\/p>\n<p>[\/et_pb_text][\/et_pb_column][\/et_pb_row][\/et_pb_section][et_pb_section fb_built=\u00bb1&#8243; _builder_version=\u00bb4.27.4&#8243; _module_preset=\u00bbdefault\u00bb background_color=\u00bb#e8eaf9&#8243; background_image=\u00bbhttps:\/\/simex.facmed.unam.mx\/wp-content\/uploads\/2025\/11\/SIMex-2025-Back_02-scaled.jpg\u00bb parallax=\u00bbon\u00bb custom_padding=\u00bb50px||50px|||\u00bb global_colors_info=\u00bb{}\u00bb][et_pb_row _builder_version=\u00bb4.20.2&#8243; _module_preset=\u00bbdefault\u00bb custom_margin=\u00bb30px|auto||auto||\u00bb custom_padding=\u00bb1px|||||\u00bb global_colors_info=\u00bb{}\u00bb][et_pb_column type=\u00bb4_4&#8243; _builder_version=\u00bb4.20.2&#8243; _module_preset=\u00bbdefault\u00bb global_colors_info=\u00bb{}\u00bb][et_pb_text _builder_version=\u00bb4.27.4&#8243; _module_preset=\u00bbdefault\u00bb text_font=\u00bb|300|||||||\u00bb text_text_color=\u00bb#050539&#8243; text_font_size=\u00bb17px\u00bb text_letter_spacing=\u00bb5px\u00bb header_text_color=\u00bb#a51f94&#8243; custom_margin=\u00bb||30px|||\u00bb animation_style=\u00bbbounce\u00bb animation_direction=\u00bbleft\u00bb hover_enabled=\u00bb0&#8243; global_colors_info=\u00bb{}\u00bb sticky_enabled=\u00bb0&#8243;]<\/p>\n<p style=\"text-align: left;\">ACTIVIDADES ACAD\u00c9MICAS<\/p>\n<p>[\/et_pb_text][\/et_pb_column][\/et_pb_row][et_pb_row column_structure=\u00bb1_4,1_4,1_4,1_4&#8243; _builder_version=\u00bb4.20.2&#8243; _module_preset=\u00bbdefault\u00bb global_colors_info=\u00bb{}\u00bb][et_pb_column type=\u00bb1_4&#8243; _builder_version=\u00bb4.20.2&#8243; _module_preset=\u00bbdefault\u00bb global_colors_info=\u00bb{}\u00bb][\/et_pb_column][et_pb_column type=\u00bb1_4&#8243; _builder_version=\u00bb4.20.2&#8243; _module_preset=\u00bbdefault\u00bb global_colors_info=\u00bb{}\u00bb][et_pb_blurb title=\u00bbPROGRAMA\u00bb url=\u00bbhttps:\/\/simex.facmed.unam.mx\/index.php\/programa-academico\/\u00bb image=\u00bbhttps:\/\/simex.facmed.unam.mx\/wp-content\/uploads\/2024\/04\/SIMex-2024-Btn_03.png\u00bb _builder_version=\u00bb4.27.4&#8243; _module_preset=\u00bbdefault\u00bb header_font=\u00bb|300|||||||\u00bb header_text_color=\u00bb#050539&#8243; header_letter_spacing=\u00bb2px\u00bb body_text_color=\u00bb#050539&#8243; body_font_size=\u00bb12px\u00bb text_orientation=\u00bbcenter\u00bb filter_saturate=\u00bb145%\u00bb animation_style=\u00bbbounce\u00bb animation_direction=\u00bbbottom\u00bb link_option_url=\u00bbhttps:\/\/simex.facmed.unam.mx\/index.php\/programa-academico\/\u00bb global_colors_info=\u00bb{}\u00bb]<\/p>\n<p>26 &#8211; 28 NOVIEMBRE<\/p>\n<p>[\/et_pb_blurb][\/et_pb_column][et_pb_column type=\u00bb1_4&#8243; _builder_version=\u00bb4.20.2&#8243; _module_preset=\u00bbdefault\u00bb global_colors_info=\u00bb{}\u00bb][et_pb_blurb title=\u00bbTALLERES ENCUENTRO\u00bb url=\u00bbhttps:\/\/simex.facmed.unam.mx\/index.php\/talleres-encuentro\/\u00bb image=\u00bbhttps:\/\/simex.facmed.unam.mx\/wp-content\/uploads\/2025\/09\/SIMex-2024-Btn_05-3.png\u00bb _builder_version=\u00bb4.27.4&#8243; _module_preset=\u00bbdefault\u00bb header_font=\u00bb|300|||||||\u00bb header_text_color=\u00bb#0038F0&#8243; header_letter_spacing=\u00bb2px\u00bb body_text_color=\u00bb#0038F0&#8243; body_font_size=\u00bb12px\u00bb text_orientation=\u00bbcenter\u00bb filter_saturate=\u00bb145%\u00bb animation_style=\u00bbbounce\u00bb animation_direction=\u00bbbottom\u00bb global_colors_info=\u00bb{}\u00bb]<\/p>\n<p>26 &#8211; 27 NOVIEMBRE<\/p>\n<p>[\/et_pb_blurb][\/et_pb_column][et_pb_column type=\u00bb1_4&#8243; _builder_version=\u00bb4.20.2&#8243; _module_preset=\u00bbdefault\u00bb global_colors_info=\u00bb{}\u00bb][\/et_pb_column][\/et_pb_row][\/et_pb_section][et_pb_section fb_built=\u00bb1&#8243; _builder_version=\u00bb4.27.4&#8243; _module_preset=\u00bbdefault\u00bb background_color=\u00bb#384bfc\u00bb custom_padding=\u00bb50px||120px|||\u00bb global_colors_info=\u00bb{}\u00bb][et_pb_row _builder_version=\u00bb4.18.0&#8243; _module_preset=\u00bbdefault\u00bb custom_padding=\u00bb||3px|||\u00bb global_colors_info=\u00bb{}\u00bb][et_pb_column type=\u00bb4_4&#8243; _builder_version=\u00bb4.18.0&#8243; _module_preset=\u00bbdefault\u00bb global_colors_info=\u00bb{}\u00bb][et_pb_text _builder_version=\u00bb4.27.4&#8243; _module_preset=\u00bbdefault\u00bb text_font=\u00bb|300|||||||\u00bb text_text_color=\u00bb#FFFFFF\u00bb text_font_size=\u00bb17px\u00bb text_letter_spacing=\u00bb5px\u00bb header_text_color=\u00bb#a51f94&#8243; custom_margin=\u00bb2px||50px|||\u00bb animation_style=\u00bbbounce\u00bb animation_direction=\u00bbleft\u00bb global_colors_info=\u00bb{}\u00bb]<\/p>\n<p style=\"text-align: left;\">CUOTAS DE RECUPERACI\u00d3N<\/p>\n<p>[\/et_pb_text][\/et_pb_column][\/et_pb_row][et_pb_row column_structure=\u00bb1_3,1_3,1_3&#8243; _builder_version=\u00bb4.17.6&#8243; _module_preset=\u00bbdefault\u00bb custom_padding=\u00bb5px||5px|||\u00bb global_colors_info=\u00bb{}\u00bb][et_pb_column type=\u00bb1_3&#8243; _builder_version=\u00bb4.17.6&#8243; _module_preset=\u00bbdefault\u00bb global_colors_info=\u00bb{}\u00bb][et_pb_text _builder_version=\u00bb4.27.4&#8243; _module_preset=\u00bbdefault\u00bb text_font_size=\u00bb13px\u00bb background_layout=\u00bbdark\u00bb animation_style=\u00bbbounce\u00bb animation_direction=\u00bbbottom\u00bb global_colors_info=\u00bb{}\u00bb]<\/p>\n<h1>$2,000 m.n.*<\/h1>\n<p><span style=\"font-size: large;\"><strong><\/strong><\/span><\/p>\n<p><span style=\"font-size: large;\">Comunidad FACMED &#8211; UNAM<\/span><\/p>\n<p><b>1<\/b><span>\u00a0<\/span><strong>Acceso general a SIM<\/strong>ex 2025 | 3 d\u00edas de evento<\/p>\n<div class=\"ptib-item\"><b>1 Taller con expertos por d\u00eda<\/b><\/div>\n<div class=\"ptib-item\"><b>1<\/b><span>\u00a0<\/span><strong>Constancia digital<\/strong> por asistencia al evento y <strong>1 por cada taller cursado<\/strong><\/div>\n<div class=\"ptib-item\"><span style=\"font-size: x-small;\"><strong>* <\/strong>Es necesario subir comprobante de tu credencial vigente con resello o tal\u00f3n de pago.<\/span><\/div>\n<p>[\/et_pb_text][et_pb_button button_url=\u00bbhttps:\/\/www.inscripciones.simex.unam.mx\/login.php\u00bb url_new_window=\u00bbon\u00bb button_text=\u00bbREG\u00cdSTRATE A SIMex 2025&#8243; button_alignment=\u00bbleft\u00bb _builder_version=\u00bb4.27.4&#8243; _module_preset=\u00bbdefault\u00bb custom_button=\u00bbon\u00bb button_text_size=\u00bb13px\u00bb button_text_color=\u00bb#FFFFFF\u00bb button_bg_color=\u00bb#050539&#8243; button_border_width=\u00bb1px\u00bb button_border_color=\u00bb#050539&#8243; button_border_radius=\u00bb2px\u00bb button_font=\u00bb|600|||||||\u00bb background_layout=\u00bbdark\u00bb animation_style=\u00bbbounce\u00bb animation_direction=\u00bbbottom\u00bb global_colors_info=\u00bb{}\u00bb][\/et_pb_button][\/et_pb_column][et_pb_column type=\u00bb1_3&#8243; _builder_version=\u00bb4.17.6&#8243; _module_preset=\u00bbdefault\u00bb global_colors_info=\u00bb{}\u00bb][et_pb_text _builder_version=\u00bb4.27.4&#8243; _module_preset=\u00bbdefault\u00bb text_font_size=\u00bb13px\u00bb background_layout=\u00bbdark\u00bb animation_style=\u00bbbounce\u00bb animation_direction=\u00bbbottom\u00bb global_colors_info=\u00bb{}\u00bb]<\/p>\n<h1>$2,500 m.n.<\/h1>\n<p><span style=\"font-size: large;\"><strong><\/strong><\/span><\/p>\n<p><span style=\"font-size: large;\">Externos FACMED &#8211; UNAM<\/span><\/p>\n<p><b>1<\/b><span>\u00a0<\/span><strong>Acceso general a SIM<\/strong>ex 2025 | 3 d\u00edas de evento<\/p>\n<div class=\"ptib-item\"><b>1 Taller con expertos por d\u00eda<\/b><\/div>\n<div class=\"ptib-item\"><b>1<\/b><span>\u00a0<\/span><strong>Constancia digital<\/strong> por asistencia al evento y <strong>1 por cada taller cursado<\/strong><\/div>\n<p>[\/et_pb_text][et_pb_button button_url=\u00bbhttps:\/\/www.inscripciones.simex.unam.mx\/login.php\u00bb url_new_window=\u00bbon\u00bb button_text=\u00bbREG\u00cdSTRATE A SIMex 2025&#8243; button_alignment=\u00bbleft\u00bb _builder_version=\u00bb4.27.4&#8243; _module_preset=\u00bbdefault\u00bb custom_button=\u00bbon\u00bb button_text_size=\u00bb13px\u00bb button_text_color=\u00bb#FFFFFF\u00bb button_bg_color=\u00bb#050539&#8243; button_border_width=\u00bb1px\u00bb button_border_color=\u00bb#050539&#8243; button_border_radius=\u00bb2px\u00bb button_font=\u00bb|600|||||||\u00bb background_layout=\u00bbdark\u00bb animation_style=\u00bbbounce\u00bb animation_direction=\u00bbbottom\u00bb global_colors_info=\u00bb{}\u00bb][\/et_pb_button][\/et_pb_column][et_pb_column type=\u00bb1_3&#8243; _builder_version=\u00bb4.17.6&#8243; _module_preset=\u00bbdefault\u00bb global_colors_info=\u00bb{}\u00bb][et_pb_text _builder_version=\u00bb4.27.4&#8243; _module_preset=\u00bbdefault\u00bb text_font_size=\u00bb13px\u00bb background_layout=\u00bbdark\u00bb animation_style=\u00bbbounce\u00bb animation_direction=\u00bbbottom\u00bb global_colors_info=\u00bb{}\u00bb]<\/p>\n<h1>$0,000 m.n.*<\/h1>\n<p><span style=\"font-size: large;\"><strong><\/strong><\/span><\/p>\n<p><span style=\"font-size: large;\">Alumnos FACMED &#8211; UNAM<\/span><\/p>\n<p><b>1<\/b><span>\u00a0<\/span><strong>Acceso general a SIM<\/strong>ex 2025 | 3 d\u00edas de evento<\/p>\n<div class=\"ptib-item\"><b>1<\/b><span>\u00a0<\/span><strong>Constancia digital<\/strong> por asistencia al evento\u00a0<\/div>\n<div class=\"ptib-item\"><span style=\"font-size: x-small;\"><strong>* <\/strong>Es necesario subir comprobante de tu credencial vigente con resello o comprobante de inscripci\u00f3n.<\/span><\/div>\n<p>[\/et_pb_text][et_pb_button button_url=\u00bbhttps:\/\/www.inscripciones.simex.unam.mx\/login.php\u00bb url_new_window=\u00bbon\u00bb button_text=\u00bbREG\u00cdSTRATE A SIMex 2025&#8243; button_alignment=\u00bbleft\u00bb _builder_version=\u00bb4.27.4&#8243; _module_preset=\u00bbdefault\u00bb custom_button=\u00bbon\u00bb button_text_size=\u00bb13px\u00bb button_text_color=\u00bb#FFFFFF\u00bb button_bg_color=\u00bb#050539&#8243; button_border_width=\u00bb1px\u00bb button_border_color=\u00bb#050539&#8243; button_border_radius=\u00bb2px\u00bb button_font=\u00bb|600|||||||\u00bb background_layout=\u00bbdark\u00bb animation_style=\u00bbbounce\u00bb animation_direction=\u00bbbottom\u00bb global_colors_info=\u00bb{}\u00bb][\/et_pb_button][\/et_pb_column][\/et_pb_row][\/et_pb_section]<\/p>\n","protected":false},"excerpt":{"rendered":"<p>SIMex 2025La simulaci\u00f3n cl\u00ednica contribuye cada vez m\u00e1s a la transformaci\u00f3n del proceso educativo; favoreciendo el aprendizaje significado de los estudiantes a trav\u00e9s de la experiencia, guiando una reflexi\u00f3n cr\u00edtica y permitiendo que el estudiante genere nuevas formas de percibir su mundo y transformando su perspectiva. Por ello, es importante que formemos parte de esta [&hellip;]<\/p>\n","protected":false},"author":2,"featured_media":0,"parent":0,"menu_order":0,"comment_status":"closed","ping_status":"closed","template":"","meta":{"_et_pb_use_builder":"on","_et_pb_old_content":"","_et_gb_content_width":"","footnotes":""},"class_list":["post-10","page","type-page","status-publish","hentry"],"jetpack_sharing_enabled":true,"_links":{"self":[{"href":"https:\/\/simex.facmed.unam.mx\/index.php\/wp-json\/wp\/v2\/pages\/10","targetHints":{"allow":["GET"]}}],"collection":[{"href":"https:\/\/simex.facmed.unam.mx\/index.php\/wp-json\/wp\/v2\/pages"}],"about":[{"href":"https:\/\/simex.facmed.unam.mx\/index.php\/wp-json\/wp\/v2\/types\/page"}],"author":[{"embeddable":true,"href":"https:\/\/simex.facmed.unam.mx\/index.php\/wp-json\/wp\/v2\/users\/2"}],"replies":[{"embeddable":true,"href":"https:\/\/simex.facmed.unam.mx\/index.php\/wp-json\/wp\/v2\/comments?post=10"}],"version-history":[{"count":222,"href":"https:\/\/simex.facmed.unam.mx\/index.php\/wp-json\/wp\/v2\/pages\/10\/revisions"}],"predecessor-version":[{"id":1784,"href":"https:\/\/simex.facmed.unam.mx\/index.php\/wp-json\/wp\/v2\/pages\/10\/revisions\/1784"}],"wp:attachment":[{"href":"https:\/\/simex.facmed.unam.mx\/index.php\/wp-json\/wp\/v2\/media?parent=10"}],"curies":[{"name":"wp","href":"https:\/\/api.w.org\/{rel}","templated":true}]}}